{"id":110,"date":"2014-12-25T22:53:09","date_gmt":"2014-12-25T21:53:09","guid":{"rendered":"http:\/\/verena-reichenberger.de\/wordpress\/?page_id=110"},"modified":"2015-02-18T15:50:13","modified_gmt":"2015-02-18T14:50:13","slug":"impressum","status":"publish","type":"page","link":"http:\/\/dr-reichenberger.de\/?page_id=110","title":{"rendered":"Impressum"},"content":{"rendered":"<p>Praxis f\u00fcr Augenheilkunde<\/p>\n<p>Dr. med. Verena Reichenberger, FEBO<\/p>\n<p>Bahnhofstr. 8<\/p>\n<p>82229 Hechendorf<\/p>\n<p>mail@dr-reichenberger.de<\/p>\n<p>&nbsp;<\/p>\n<p>Zust\u00e4ndige Kammer<\/p>\n<p>Bayerische Landes\u00e4rztekammer<\/p>\n<p>Gesetzliche Berufsbezeichnung:<\/p>\n<p>Fach\u00e4rztin f\u00fcr Augenheilkunde<\/p>\n<p>Verliehen in BRD (Bayern)<\/p>\n<p>Bildnachweis<\/p>\n<p>Aufnahme Inninger Str. in Hechendorf<\/p>\n<p>&nbsp;<\/p>\n<p>&nbsp;<\/p>\n<p>&nbsp;<\/p>\n<p>Haftung: Diese Website wurde mit gr\u00f6\u00dftm\u00f6glicher Sorgfalt zusammengestellt. Trotzdem kann keine Gew\u00e4hr f\u00fcr die Fehlerfreiheit und die Genauigkeit der enthaltenen Informationen \u00fcbernommen werden. Jegliche Haftung f\u00fcr Sch\u00e4den, die direkt oder indirekt aus der Benutzung dieser Website entstehen, wird ausgeschlossen, soweit diese nicht auf Vorsatz oder grober Fahrl\u00e4ssigkeit beruhen.<\/p>\n","protected":false},"excerpt":{"rendered":"<p>Praxis f\u00fcr Augenheilkunde Dr. med. Verena Reichenberger, FEBO Bahnhofstr. 8 82229 Hechendorf mail@dr-reichenberger.de &nbsp; Zust\u00e4ndige Kammer Bayerische Landes\u00e4rztekammer Gesetzliche Berufsbezeichnung: Fach\u00e4rztin f\u00fcr Augenheilkunde Verliehen in BRD (Bayern) Bildnachweis Aufnahme Inninger Str. in Hechendorf &nbsp; &nbsp; &nbsp; Haftung: Diese Website wurde mit gr\u00f6\u00dftm\u00f6glicher Sorgfalt zusammengestellt. Trotzdem kann keine Gew\u00e4hr f\u00fcr die Fehlerfreiheit und die Genauigkeit der [&hellip;]<\/p>\n","protected":false},"author":1,"featured_media":0,"parent":0,"menu_order":0,"comment_status":"closed","ping_status":"closed","template":"","meta":[],"_links":{"self":[{"href":"http:\/\/dr-reichenberger.de\/index.php?rest_route=\/wp\/v2\/pages\/110"}],"collection":[{"href":"http:\/\/dr-reichenberger.de\/index.php?rest_route=\/wp\/v2\/pages"}],"about":[{"href":"http:\/\/dr-reichenberger.de\/index.php?rest_route=\/wp\/v2\/types\/page"}],"author":[{"embeddable":true,"href":"http:\/\/dr-reichenberger.de\/index.php?rest_route=\/wp\/v2\/users\/1"}],"replies":[{"embeddable":true,"href":"http:\/\/dr-reichenberger.de\/index.php?rest_route=%2Fwp%2Fv2%2Fcomments&post=110"}],"version-history":[{"count":2,"href":"http:\/\/dr-reichenberger.de\/index.php?rest_route=\/wp\/v2\/pages\/110\/revisions"}],"predecessor-version":[{"id":212,"href":"http:\/\/dr-reichenberger.de\/index.php?rest_route=\/wp\/v2\/pages\/110\/revisions\/212"}],"wp:attachment":[{"href":"http:\/\/dr-reichenberger.de\/index.php?rest_route=%2Fwp%2Fv2%2Fmedia&parent=110"}],"curies":[{"name":"wp","href":"https:\/\/api.w.org\/{rel}","templated":true}]}}