{"id":14,"date":"2014-12-09T23:08:04","date_gmt":"2014-12-09T22:08:04","guid":{"rendered":"http:\/\/verena-reichenberger.de\/wordpress\/?page_id=14"},"modified":"2025-08-31T21:16:03","modified_gmt":"2025-08-31T20:16:03","slug":"sprechzeiten","status":"publish","type":"page","link":"http:\/\/dr-reichenberger.de\/?page_id=14","title":{"rendered":"Termine"},"content":{"rendered":"<h2><span style=\"color: #008080;\">Wann m\u00f6chten Sie kommen? Ich nehme mir Zeit f\u00fcr Sie!<\/span><\/h2>\n<p>Von Montag bis Donnerstag bin ich f\u00fcr Sie da.<\/p>\n<p>Rufen Sie mich an oder schreiben Sie mir eine Email, um einen Termin zu vereinbaren, der Ihren W\u00fcnschen entspricht.<\/p>\n<p>Sie erreichen mich t\u00e4glich von Montag bis Donnerstag von 8.30 bis 13 Uhr und am Mittwoch und Donnerstag bis 18 Uhr unter der Telefonnummer 08152 9888906.<\/p>\n<p>\u00a0<\/p>\n<p style=\"text-align: center;\">\u00a0<\/p>\n\n\n<p><\/p>\n","protected":false},"excerpt":{"rendered":"<p>Wann m\u00f6chten Sie kommen? Ich nehme mir Zeit f\u00fcr Sie! Von Montag bis Donnerstag bin ich f\u00fcr Sie da. Rufen Sie mich an oder schreiben Sie mir eine Email, um einen Termin zu vereinbaren, der Ihren W\u00fcnschen entspricht. Sie erreichen mich t\u00e4glich von Montag bis Donnerstag von 8.30 bis 13 Uhr und am Mittwoch und [&hellip;]<\/p>\n","protected":false},"author":1,"featured_media":0,"parent":0,"menu_order":0,"comment_status":"closed","ping_status":"open","template":"","meta":[],"_links":{"self":[{"href":"http:\/\/dr-reichenberger.de\/index.php?rest_route=\/wp\/v2\/pages\/14"}],"collection":[{"href":"http:\/\/dr-reichenberger.de\/index.php?rest_route=\/wp\/v2\/pages"}],"about":[{"href":"http:\/\/dr-reichenberger.de\/index.php?rest_route=\/wp\/v2\/types\/page"}],"author":[{"embeddable":true,"href":"http:\/\/dr-reichenberger.de\/index.php?rest_route=\/wp\/v2\/users\/1"}],"replies":[{"embeddable":true,"href":"http:\/\/dr-reichenberger.de\/index.php?rest_route=%2Fwp%2Fv2%2Fcomments&post=14"}],"version-history":[{"count":10,"href":"http:\/\/dr-reichenberger.de\/index.php?rest_route=\/wp\/v2\/pages\/14\/revisions"}],"predecessor-version":[{"id":326,"href":"http:\/\/dr-reichenberger.de\/index.php?rest_route=\/wp\/v2\/pages\/14\/revisions\/326"}],"wp:attachment":[{"href":"http:\/\/dr-reichenberger.de\/index.php?rest_route=%2Fwp%2Fv2%2Fmedia&parent=14"}],"curies":[{"name":"wp","href":"https:\/\/api.w.org\/{rel}","templated":true}]}}