{"id":247,"date":"2015-07-14T22:43:12","date_gmt":"2015-07-14T21:43:12","guid":{"rendered":"http:\/\/verena-reichenberger.de\/?page_id=247"},"modified":"2022-12-06T23:50:50","modified_gmt":"2022-12-06T22:50:50","slug":"kindersprechstunde","status":"publish","type":"page","link":"http:\/\/dr-reichenberger.de\/?page_id=247","title":{"rendered":"Kindersprechstunde"},"content":{"rendered":"<h2><span style=\"color: #008080;\">Schlecht sehen tut nicht weh &#8230;\u00a0<\/span><\/h2>\n<p>&#8230; deshalb beschweren sich Kinder meist nicht \u00fcber ihre Fehlsichtigkeit oder Sehprobleme &#8211; sie kennen es nicht anders. Doch Kinder, die schlecht sehen, tun sich mit vielen Dingen schwerer als n\u00f6tig: Beim Lernen, beim Sport oder auf dem Schulweg. Gute Augen sind ein wesentlicher Baustein f\u00fcr die geistige Entwicklung. Darum sind regelm\u00e4\u00dfige Untersuchungen der Kinderaugen unerl\u00e4sslich.<\/p>\n<p>Kleinkinder und Kinder brauchen unsere besondere Aufmerksamkeit, eine auf ihr Alter ausgerichtete Untersuchung\u00a0und spezielle Therapien. Dabei unterst\u00fctzt mich Bettina Lieb-Ullrich. Die Orthoptistin (eine staatlich anerkannte ausgebildete Fachkraft in der Augenheilkunde) hat sich auf die Untersuchung von Kleinkindern spezialisiert, au\u00dferdem auf die Versorgung von Schielpatienten sowie die Betreuung sehbehinderter und mehrfach behinderter Kinder.<\/p>\n<p>Die Kindersprechstunde findet zweimal im Monat mittwochs, mehrmals im Jahr auch an einem Samstag Vormittag statt.<\/p>\n<p>Wenn Sie einen Termin vereinbaren m\u00f6chten:<\/p>\n<p>Rufen Sie mich an. \u00a0Sie erreichen mich t\u00e4glich -Montag bis Freitag- von 8 bis 20 Uhr unter der<\/p>\n<p>Telefonnummer 08152 9888906.<\/p>\n<p style=\"text-align: center;\">\n","protected":false},"excerpt":{"rendered":"<p>Schlecht sehen tut nicht weh &#8230;\u00a0 &#8230; deshalb beschweren sich Kinder meist nicht \u00fcber ihre Fehlsichtigkeit oder Sehprobleme &#8211; sie kennen es nicht anders. Doch Kinder, die schlecht sehen, tun sich mit vielen Dingen schwerer als n\u00f6tig: Beim Lernen, beim Sport oder auf dem Schulweg. Gute Augen sind ein wesentlicher Baustein f\u00fcr die geistige Entwicklung. [&hellip;]<\/p>\n","protected":false},"author":1,"featured_media":0,"parent":0,"menu_order":0,"comment_status":"closed","ping_status":"closed","template":"","meta":[],"_links":{"self":[{"href":"http:\/\/dr-reichenberger.de\/index.php?rest_route=\/wp\/v2\/pages\/247"}],"collection":[{"href":"http:\/\/dr-reichenberger.de\/index.php?rest_route=\/wp\/v2\/pages"}],"about":[{"href":"http:\/\/dr-reichenberger.de\/index.php?rest_route=\/wp\/v2\/types\/page"}],"author":[{"embeddable":true,"href":"http:\/\/dr-reichenberger.de\/index.php?rest_route=\/wp\/v2\/users\/1"}],"replies":[{"embeddable":true,"href":"http:\/\/dr-reichenberger.de\/index.php?rest_route=%2Fwp%2Fv2%2Fcomments&post=247"}],"version-history":[{"count":10,"href":"http:\/\/dr-reichenberger.de\/index.php?rest_route=\/wp\/v2\/pages\/247\/revisions"}],"predecessor-version":[{"id":322,"href":"http:\/\/dr-reichenberger.de\/index.php?rest_route=\/wp\/v2\/pages\/247\/revisions\/322"}],"wp:attachment":[{"href":"http:\/\/dr-reichenberger.de\/index.php?rest_route=%2Fwp%2Fv2%2Fmedia&parent=247"}],"curies":[{"name":"wp","href":"https:\/\/api.w.org\/{rel}","templated":true}]}}